{"id":85,"date":"2023-01-20T16:28:42","date_gmt":"2023-01-20T16:28:42","guid":{"rendered":"http:\/\/www.cizginakis.com\/?page_id=85"},"modified":"2026-02-07T14:24:21","modified_gmt":"2026-02-07T14:24:21","slug":"iletisim-formu","status":"publish","type":"page","link":"http:\/\/www.cizginakis.com\/?page_id=85","title":{"rendered":"\u0130leti\u015fim Formu"},"content":{"rendered":"\n<section>\n\t\t\t<h2>Email<\/h2>\n\t\t\t<p>T\u00fcm sorular\u0131n\u0131z i\u00e7in:<\/p>\n\t\t\t<a href=\"mailto:cizginakis@gmail.com\">cizginakis@gmail.com<\/a>\n\t\t<\/section>\n<section>\n<h2>Telefon bilgileri: <\/h2>\n<p>Tel: 0212 651 50 15<\/p>\n<p>Cep: 0532 608 93 51<\/p>\n<\/section>\n\t\t<section>\n\t\t\t<h2>Sosyal Medya<\/h2>\n\t\t\t<p>Sosyal media hesaplar\u0131m\u0131z:<\/p>\n\t\t\t<ul>\n\t\t\t\t<li><a href=\"https:\/\/www.facebook.com\/profile.php?id=100087193156323\">Facebook<\/a><\/li>\n\t\t\t\t<li><a href=\"https:\/\/instagram.com\/cizginakis1?igshid=YmMyMTA2M2Y=\">Instagram<\/a><\/li>\n\t\t\t<\/ul>\n\t\t<\/section><p>BAGLAR MAHALLESi MEHMET \nAKiF ERSOY CD. DIS KAPI NO : 23 \nKAT:2 BAGCILAR -ISTANBUL<\/p><\/br>\n<iframe src=\"https:\/\/www.google.com\/maps\/embed?pb=!1m17!1m12!1m3!1d3009.9172060996807!2d28.820470276041455!3d41.0270672713479!2m3!1f0!2f0!3f0!3m2!1i1024!2i768!4f13.1!3m2!1m1!2s!5e0!3m2!1str!2sde!4v1770474036282!5m2!1str!2sde\" width=\"600\" height=\"450\" style=\"border:0;\" allowfullscreen=\"\" loading=\"lazy\" referrerpolicy=\"no-referrer-when-downgrade\"><\/iframe><\/br><div class=\"wpcf7 no-js\" id=\"wpcf7-f83-o1\" lang=\"tr-TR\" dir=\"ltr\">\n<div class=\"screen-reader-response\"><p role=\"status\" aria-live=\"polite\" aria-atomic=\"true\"><\/p> <ul><\/ul><\/div>\n<form action=\"\/index.php?rest_route=%2Fwp%2Fv2%2Fpages%2F85#wpcf7-f83-o1\" method=\"post\" class=\"wpcf7-form init\" aria-label=\"Contact form\" novalidate=\"novalidate\" data-status=\"init\">\n<div style=\"display: none;\">\n<input type=\"hidden\" name=\"_wpcf7\" value=\"83\" \/>\n<input type=\"hidden\" name=\"_wpcf7_version\" value=\"5.7.2\" \/>\n<input type=\"hidden\" name=\"_wpcf7_locale\" value=\"tr_TR\" \/>\n<input type=\"hidden\" name=\"_wpcf7_unit_tag\" value=\"wpcf7-f83-o1\" \/>\n<input type=\"hidden\" name=\"_wpcf7_container_post\" value=\"0\" \/>\n<input type=\"hidden\" name=\"_wpcf7_posted_data_hash\" value=\"\" \/>\n<\/div>\n<p><label> Ad\u0131n\u0131z<br \/>\n<span class=\"wpcf7-form-control-wrap\" data-name=\"your-name\"><input size=\"40\" class=\"wpcf7-form-control wpcf7-text wpcf7-validates-as-required\" autocomplete=\"name\" aria-required=\"true\" aria-invalid=\"false\" value=\"\" type=\"text\" name=\"your-name\" \/><\/span> <\/label>\n<\/p>\n<p><label> E-posta adresiniz<br \/>\n<span class=\"wpcf7-form-control-wrap\" data-name=\"your-email\"><input size=\"40\" class=\"wpcf7-form-control wpcf7-text wpcf7-email wpcf7-validates-as-required wpcf7-validates-as-email\" autocomplete=\"email\" aria-required=\"true\" aria-invalid=\"false\" value=\"\" type=\"email\" name=\"your-email\" \/><\/span> <\/label>\n<\/p>\n<p><label> Konu<br \/>\n<span class=\"wpcf7-form-control-wrap\" data-name=\"your-subject\"><input size=\"40\" class=\"wpcf7-form-control wpcf7-text wpcf7-validates-as-required\" aria-required=\"true\" aria-invalid=\"false\" value=\"\" type=\"text\" name=\"your-subject\" \/><\/span> <\/label>\n<\/p>\n<p><label> \u0130letiniz (tercihe ba\u011fl\u0131)<br \/>\n<span class=\"wpcf7-form-control-wrap\" data-name=\"your-message\"><textarea cols=\"40\" rows=\"10\" class=\"wpcf7-form-control wpcf7-textarea\" aria-invalid=\"false\" name=\"your-message\"><\/textarea><\/span> <\/label>\n<\/p>\n<p><input class=\"wpcf7-form-control has-spinner wpcf7-submit\" type=\"submit\" value=\"G\u00f6nder\" \/>\n<\/p><p style=\"display: none !important;\"><label>&#916;<textarea name=\"_wpcf7_ak_hp_textarea\" cols=\"45\" rows=\"8\" maxlength=\"100\"><\/textarea><\/label><input type=\"hidden\" id=\"ak_js_1\" name=\"_wpcf7_ak_js\" value=\"124\"\/><script>document.getElementById( \"ak_js_1\" ).setAttribute( \"value\", ( new Date() ).getTime() );<\/script><\/p><div class=\"wpcf7-response-output\" aria-hidden=\"true\"><\/div><\/form><\/div>\n","protected":false},"excerpt":{"rendered":"<p>Email T\u00fcm sorular\u0131n\u0131z i\u00e7in: cizginakis@gmail.com Telefon bilgileri: Tel: 0212 651 50 15 Cep: 0532 608 93 51 Sosyal Medya Sosyal media hesaplar\u0131m\u0131z: Facebook Instagram BAGLAR &hellip; <\/p>\n","protected":false},"author":1,"featured_media":0,"parent":0,"menu_order":0,"comment_status":"closed","ping_status":"closed","template":"","meta":[],"_links":{"self":[{"href":"http:\/\/www.cizginakis.com\/index.php?rest_route=\/wp\/v2\/pages\/85"}],"collection":[{"href":"http:\/\/www.cizginakis.com\/index.php?rest_route=\/wp\/v2\/pages"}],"about":[{"href":"http:\/\/www.cizginakis.com\/index.php?rest_route=\/wp\/v2\/types\/page"}],"author":[{"embeddable":true,"href":"http:\/\/www.cizginakis.com\/index.php?rest_route=\/wp\/v2\/users\/1"}],"replies":[{"embeddable":true,"href":"http:\/\/www.cizginakis.com\/index.php?rest_route=%2Fwp%2Fv2%2Fcomments&post=85"}],"version-history":[{"count":5,"href":"http:\/\/www.cizginakis.com\/index.php?rest_route=\/wp\/v2\/pages\/85\/revisions"}],"predecessor-version":[{"id":152,"href":"http:\/\/www.cizginakis.com\/index.php?rest_route=\/wp\/v2\/pages\/85\/revisions\/152"}],"wp:attachment":[{"href":"http:\/\/www.cizginakis.com\/index.php?rest_route=%2Fwp%2Fv2%2Fmedia&parent=85"}],"curies":[{"name":"wp","href":"https:\/\/api.w.org\/{rel}","templated":true}]}}